{"id":201,"date":"2024-10-26T10:55:51","date_gmt":"2024-10-26T13:55:51","guid":{"rendered":"https:\/\/rositaueno.com\/es\/?page_id=201"},"modified":"2024-11-01T19:24:20","modified_gmt":"2024-11-01T22:24:20","slug":"politica-de-privacidad","status":"publish","type":"page","link":"https:\/\/rositaueno.com\/es\/politica-de-privacidad\/","title":{"rendered":"Pol\u00edtica de Privacidad"},"content":{"rendered":"\t\t<div data-elementor-type=\"wp-page\" data-elementor-id=\"201\" class=\"elementor elementor-201\" data-elementor-post-type=\"page\">\n\t\t\t\t<div data-particle_enable=\"false\" data-particle-mobile-disabled=\"false\" class=\"elementor-element elementor-element-88dbcb1 e-flex e-con-boxed e-con e-parent\" data-id=\"88dbcb1\" data-element_type=\"container\">\n\t\t\t\t\t<div class=\"e-con-inner\">\n\t\t\t\t<div class=\"elementor-element elementor-element-34cff87 elementor-widget elementor-widget-heading\" data-id=\"34cff87\" data-element_type=\"widget\" data-widget_type=\"heading.default\">\n\t\t\t\t<div class=\"elementor-widget-container\">\n\t\t\t\t\t<h2 class=\"elementor-heading-title elementor-size-default\">Pol\u00edtica de Privacidad<\/h2>\t\t\t\t<\/div>\n\t\t\t\t<\/div>\n\t\t\t\t<div class=\"elementor-element elementor-element-6c1001a elementor-widget elementor-widget-text-editor\" data-id=\"6c1001a\" data-element_type=\"widget\" data-widget_type=\"text-editor.default\">\n\t\t\t\t<div class=\"elementor-widget-container\">\n\t\t\t\t\t\t\t\t\t<ol><li><p>Su privacidad es importante para nosotros. Es pol\u00edtica de Rosita Ueno respetar su privacidad en relaci\u00f3n con cualquier informaci\u00f3n que podamos recopilar en el sitio Rosita Ueno y otros sitios que poseemos y operamos.<\/p><p>Solicitamos informaci\u00f3n personal solo cuando realmente la necesitamos para brindarle un servicio. Lo hacemos por medios justos y legales, con su conocimiento y consentimiento. Tambi\u00e9n le informamos por qu\u00e9 estamos recopilando los datos y c\u00f3mo se utilizar\u00e1n.<\/p><p>Retenemos la informaci\u00f3n recopilada solo durante el tiempo necesario para brindarle el servicio solicitado. Cuando almacenamos datos, los protegemos dentro de medios comercialmente aceptables para evitar p\u00e9rdidas y robos, as\u00ed como el acceso, divulgaci\u00f3n, copia, uso o modificaci\u00f3n no autorizados.<\/p><p>No compartimos informaci\u00f3n de identificaci\u00f3n personal p\u00fablicamente ni con terceros, excepto cuando la ley lo requiere.<\/p><p>El sitio Rosita Ueno puede tener enlaces a sitios externos que no son operados por nosotros. Tenga en cuenta que no tenemos control sobre el contenido y las pr\u00e1cticas de esos sitios y no podemos aceptar responsabilidad por sus respectivas pol\u00edticas de privacidad.<\/p><p>Es libre de rechazar nuestra solicitud de informaci\u00f3n personal, entendiendo que tal vez no podamos proporcionarle algunos de los servicios deseados.<\/p><p>El uso continuo de nuestro sitio se considerar\u00e1 como aceptaci\u00f3n de nuestras pr\u00e1cticas de privacidad e informaci\u00f3n personal. Si tiene alguna duda sobre c\u00f3mo manejamos los datos del usuario y la informaci\u00f3n personal, p\u00f3ngase en contacto con nosotros.<\/p><p>El servicio de Google AdSense que usamos para mostrar publicidad utiliza una cookie de DoubleClick para ofrecer anuncios m\u00e1s relevantes en toda la web y limitar la cantidad de veces que un anuncio en particular se muestra para usted.<br \/>Para obtener m\u00e1s informaci\u00f3n sobre Google AdSense, consulte las preguntas frecuentes oficiales sobre privacidad de Google AdSense.<br \/>Usamos anuncios para compensar los costos de funcionamiento de este sitio y financiar futuros desarrollos. Las cookies de publicidad conductual utilizadas por este sitio est\u00e1n dise\u00f1adas para garantizar que se le presenten anuncios relevantes siempre que sea posible, rastreando an\u00f3nimamente sus intereses y mostrando contenidos similares que puedan interesarle.<br \/>Varios socios publicitan en nuestro nombre y las cookies de seguimiento de afiliados simplemente nos permiten ver si nuestros clientes accedieron al sitio a trav\u00e9s de uno de los sitios de nuestros socios, para que podamos acreditarles correctamente y, cuando corresponda, permitir que nuestros socios afiliados ofrezcan alguna promoci\u00f3n que pueda proporcionarle para realizar una compra.<\/p><p><strong>Compromiso del Usuario<\/strong><br \/>El usuario se compromete a hacer un uso adecuado de los contenidos e informaci\u00f3n que Rosita Ueno ofrece en el sitio, y con car\u00e1cter enunciativo, pero no limitativo:<\/p><p>A) No participar en actividades que sean ilegales o contrarias a la buena fe y al orden p\u00fablico;<br \/>B) No difundir propaganda o contenido de naturaleza racista, xenof\u00f3bica, juegos de azar o azar, cualquier tipo de pornograf\u00eda ilegal, apolog\u00eda del terrorismo o en contra de los derechos humanos;<br \/>C) No da\u00f1ar los sistemas f\u00edsicos (hardware) y l\u00f3gicos (software) de Rosita Ueno, de sus proveedores o de terceros, ni introducir o difundir virus inform\u00e1ticos o cualquier otro sistema de hardware o software que sea capaz de causar los da\u00f1os mencionados anteriormente.<\/p><p><strong>M\u00e1s informaci\u00f3n<\/strong><br \/>Esperamos que esto le aclare y, como mencionamos anteriormente, si hay algo que no est\u00e1 seguro si necesita o no, generalmente es m\u00e1s seguro dejar las cookies habilitadas, en caso de que interact\u00fae con alguna de las funciones que utiliza en nuestro sitio.<\/p><p>Esta pol\u00edtica entra en vigor a partir de noviembre de 2024.<\/p><\/li><\/ol>\t\t\t\t\t\t\t\t<\/div>\n\t\t\t\t<\/div>\n\t\t\t\t\t<\/div>\n\t\t\t\t<\/div>\n\t\t\t\t<\/div>\n\t\t","protected":false},"excerpt":{"rendered":"<p>Pol\u00edtica de Privacidad Su privacidad es importante para nosotros. Es pol\u00edtica de Rosita Ueno respetar su privacidad en relaci\u00f3n con cualquier informaci\u00f3n que podamos recopilar en el sitio Rosita Ueno y otros sitios que poseemos y operamos. Solicitamos informaci\u00f3n personal solo cuando realmente la necesitamos para brindarle un servicio. Lo hacemos por medios justos y [&hellip;]<\/p>\n","protected":false},"author":1,"featured_media":0,"parent":0,"menu_order":0,"comment_status":"closed","ping_status":"closed","template":"elementor_header_footer","meta":{"footnotes":""},"class_list":["post-201","page","type-page","status-publish","hentry"],"_links":{"self":[{"href":"https:\/\/rositaueno.com\/es\/wp-json\/wp\/v2\/pages\/201","targetHints":{"allow":["GET"]}}],"collection":[{"href":"https:\/\/rositaueno.com\/es\/wp-json\/wp\/v2\/pages"}],"about":[{"href":"https:\/\/rositaueno.com\/es\/wp-json\/wp\/v2\/types\/page"}],"author":[{"embeddable":true,"href":"https:\/\/rositaueno.com\/es\/wp-json\/wp\/v2\/users\/1"}],"replies":[{"embeddable":true,"href":"https:\/\/rositaueno.com\/es\/wp-json\/wp\/v2\/comments?post=201"}],"version-history":[{"count":0,"href":"https:\/\/rositaueno.com\/es\/wp-json\/wp\/v2\/pages\/201\/revisions"}],"wp:attachment":[{"href":"https:\/\/rositaueno.com\/es\/wp-json\/wp\/v2\/media?parent=201"}],"curies":[{"name":"wp","href":"https:\/\/api.w.org\/{rel}","templated":true}]}}