{"id":203,"date":"2024-10-26T10:56:02","date_gmt":"2024-10-26T13:56:02","guid":{"rendered":"https:\/\/rositaueno.com\/es\/?page_id=203"},"modified":"2024-11-01T19:25:10","modified_gmt":"2024-11-01T22:25:10","slug":"terminos-de-uso","status":"publish","type":"page","link":"https:\/\/rositaueno.com\/es\/terminos-de-uso\/","title":{"rendered":"T\u00e9rminos de uso"},"content":{"rendered":"\t\t<div data-elementor-type=\"wp-page\" data-elementor-id=\"203\" class=\"elementor elementor-203\" data-elementor-post-type=\"page\">\n\t\t\t\t<div data-particle_enable=\"false\" data-particle-mobile-disabled=\"false\" class=\"elementor-element elementor-element-6876699 e-flex e-con-boxed e-con e-parent\" data-id=\"6876699\" data-element_type=\"container\">\n\t\t\t\t\t<div class=\"e-con-inner\">\n\t\t\t\t<div class=\"elementor-element elementor-element-87ca643 elementor-widget elementor-widget-heading\" data-id=\"87ca643\" data-element_type=\"widget\" data-widget_type=\"heading.default\">\n\t\t\t\t<div class=\"elementor-widget-container\">\n\t\t\t\t\t<h2 class=\"elementor-heading-title elementor-size-default\">T\u00e9rminos de Uso<\/h2>\t\t\t\t<\/div>\n\t\t\t\t<\/div>\n\t\t\t\t<div class=\"elementor-element elementor-element-08b039c elementor-widget elementor-widget-text-editor\" data-id=\"08b039c\" data-element_type=\"widget\" data-widget_type=\"text-editor.default\">\n\t\t\t\t<div class=\"elementor-widget-container\">\n\t\t\t\t\t\t\t\t\t<ol><li><p><strong>T\u00e9rminos<\/strong><br \/>Al acceder al sitio Rosita Ueno, usted acepta cumplir con estos t\u00e9rminos de servicio, todas las leyes y regulaciones aplicables y acepta que es responsable de cumplir con las leyes locales aplicables. Si no est\u00e1 de acuerdo con alguno de estos t\u00e9rminos, tiene prohibido usar o acceder a este sitio. Los materiales contenidos en este sitio est\u00e1n protegidos por las leyes de derechos de autor y marcas comerciales aplicables.<\/p><\/li><li><p><strong>Uso de Licencia<\/strong><br \/>Se concede permiso para descargar temporalmente una copia de los materiales (informaci\u00f3n o software) en el sitio Rosita Ueno, solo para visualizaci\u00f3n transitoria personal y no comercial. Esta es la concesi\u00f3n de una licencia, no una transferencia de t\u00edtulo y, bajo esta licencia, no puede:<\/p><\/li><\/ol><ul><li>modificar o copiar los materiales;<\/li><li>utilizar los materiales para cualquier fin comercial o para cualquier presentaci\u00f3n p\u00fablica (comercial o no comercial);<\/li><li>intentar descompilar o realizar ingenier\u00eda inversa de cualquier software contenido en el sitio Rosita Ueno;<\/li><li>eliminar cualquier derecho de autor u otras anotaciones de propiedad de los materiales; o<\/li><li>transferir los materiales a otra persona o \u2018reflejar\u2019 los materiales en cualquier otro servidor.<\/li><\/ul><p>Esta licencia se rescindir\u00e1 autom\u00e1ticamente si incumple alguna de estas restricciones y puede ser rescindida por Rosita Ueno en cualquier momento. Al finalizar la visualizaci\u00f3n de estos materiales o al finalizar esta licencia, debe eliminar todos los materiales descargados en su posesi\u00f3n, ya sea en formato electr\u00f3nico o impreso.<\/p><ol start=\"3\"><li><p><strong>Descargo de responsabilidad<\/strong><br \/>Los materiales en el sitio de Rosita Ueno se proporcionan &#8220;tal cual&#8221;. Rosita Ueno no ofrece garant\u00edas, expresas o impl\u00edcitas, y, por la presente, renuncia y niega todas las dem\u00e1s garant\u00edas, incluidas, entre otras, las garant\u00edas impl\u00edcitas o condiciones de comerciabilidad, idoneidad para un fin espec\u00edfico o no infracci\u00f3n de la propiedad intelectual u otra violaci\u00f3n de derechos.<br \/>Adem\u00e1s, Rosita Ueno no garantiza ni hace ninguna representaci\u00f3n con respecto a la precisi\u00f3n, los resultados probables o la confiabilidad del uso de los materiales en su sitio o de otra forma relacionada con estos materiales o en sitios vinculados a este sitio.<\/p><\/li><li><p><strong>Limitaciones<\/strong><br \/>En ning\u00fan caso Rosita Ueno o sus proveedores ser\u00e1n responsables de ning\u00fan da\u00f1o (incluidos, entre otros, da\u00f1os por p\u00e9rdida de datos o beneficios o debido a interrupci\u00f3n del negocio) que surja del uso o la imposibilidad de usar los materiales en Rosita Ueno, incluso si Rosita Ueno o un representante autorizado de Rosita Ueno han sido notificados verbalmente o por escrito de la posibilidad de tales da\u00f1os. Como algunas jurisdicciones no permiten limitaciones en garant\u00edas impl\u00edcitas, o limitaciones de responsabilidad por da\u00f1os consecuentes o incidentales, es posible que estas limitaciones no se apliquen a usted.<\/p><\/li><li><p><strong>Precisi\u00f3n de los materiales<\/strong><br \/>Los materiales que se muestran en el sitio de Rosita Ueno pueden incluir errores t\u00e9cnicos, tipogr\u00e1ficos o fotogr\u00e1ficos. Rosita Ueno no garantiza que cualquier material en su sitio sea preciso, completo o actual. Rosita Ueno puede realizar cambios en los materiales contenidos en su sitio en cualquier momento, sin previo aviso. Sin embargo, Rosita Ueno no se compromete a actualizar los materiales.<\/p><\/li><li><p><strong>Enlaces<\/strong><br \/>Rosita Ueno no ha revisado todos los sitios vinculados a su sitio y no es responsable del contenido de ning\u00fan sitio vinculado. La inclusi\u00f3n de cualquier enlace no implica el respaldo por parte de Rosita Ueno del sitio. El uso de cualquier sitio vinculado es bajo el propio riesgo del usuario.<\/p><\/li><\/ol><p><strong>Modificaciones<\/strong><br \/>Rosita Ueno puede revisar estos t\u00e9rminos de servicio del sitio en cualquier momento, sin previo aviso. Al utilizar este sitio, usted acepta quedar vinculado a la versi\u00f3n actual de estos t\u00e9rminos de servicio.<\/p><p><strong>Ley aplicable<\/strong><br \/>Estos t\u00e9rminos y condiciones se rigen e interpretan de acuerdo con las leyes de Rosita Ueno, y usted se somete irrevocablemente a la jurisdicci\u00f3n exclusiva de los tribunales en ese estado o localidad.<\/p>\t\t\t\t\t\t\t\t<\/div>\n\t\t\t\t<\/div>\n\t\t\t\t\t<\/div>\n\t\t\t\t<\/div>\n\t\t\t\t<\/div>\n\t\t","protected":false},"excerpt":{"rendered":"<p>T\u00e9rminos de Uso T\u00e9rminosAl acceder al sitio Rosita Ueno, usted acepta cumplir con estos t\u00e9rminos de servicio, todas las leyes y regulaciones aplicables y acepta que es responsable de cumplir con las leyes locales aplicables. Si no est\u00e1 de acuerdo con alguno de estos t\u00e9rminos, tiene prohibido usar o acceder a este sitio. Los materiales [&hellip;]<\/p>\n","protected":false},"author":1,"featured_media":0,"parent":0,"menu_order":0,"comment_status":"closed","ping_status":"closed","template":"elementor_header_footer","meta":{"footnotes":""},"class_list":["post-203","page","type-page","status-publish","hentry"],"_links":{"self":[{"href":"https:\/\/rositaueno.com\/es\/wp-json\/wp\/v2\/pages\/203","targetHints":{"allow":["GET"]}}],"collection":[{"href":"https:\/\/rositaueno.com\/es\/wp-json\/wp\/v2\/pages"}],"about":[{"href":"https:\/\/rositaueno.com\/es\/wp-json\/wp\/v2\/types\/page"}],"author":[{"embeddable":true,"href":"https:\/\/rositaueno.com\/es\/wp-json\/wp\/v2\/users\/1"}],"replies":[{"embeddable":true,"href":"https:\/\/rositaueno.com\/es\/wp-json\/wp\/v2\/comments?post=203"}],"version-history":[{"count":0,"href":"https:\/\/rositaueno.com\/es\/wp-json\/wp\/v2\/pages\/203\/revisions"}],"wp:attachment":[{"href":"https:\/\/rositaueno.com\/es\/wp-json\/wp\/v2\/media?parent=203"}],"curies":[{"name":"wp","href":"https:\/\/api.w.org\/{rel}","templated":true}]}}