{"id":25,"date":"2024-10-18T07:15:54","date_gmt":"2024-10-18T10:15:54","guid":{"rendered":"https:\/\/rositaueno.com\/es\/?page_id=25"},"modified":"2024-10-31T18:21:25","modified_gmt":"2024-10-31T21:21:25","slug":"traduccion-jurada","status":"publish","type":"page","link":"https:\/\/rositaueno.com\/es\/traduccion-jurada\/","title":{"rendered":"Traducci\u00f3n Jurada"},"content":{"rendered":"\t\t<div data-elementor-type=\"wp-page\" data-elementor-id=\"25\" class=\"elementor elementor-25\" data-elementor-post-type=\"page\">\n\t\t\t\t<div data-particle_enable=\"false\" data-particle-mobile-disabled=\"false\" class=\"elementor-element elementor-element-dc2b707 e-flex e-con-boxed e-con e-parent\" data-id=\"dc2b707\" data-element_type=\"container\" data-settings=\"{&quot;background_background&quot;:&quot;classic&quot;}\">\n\t\t\t\t\t<div class=\"e-con-inner\">\n\t\t\t\t\t<\/div>\n\t\t\t\t<\/div>\n\t\t<div data-particle_enable=\"false\" data-particle-mobile-disabled=\"false\" class=\"elementor-element elementor-element-fcf3f0a e-flex e-con-boxed e-con e-parent\" data-id=\"fcf3f0a\" data-element_type=\"container\">\n\t\t\t\t\t<div class=\"e-con-inner\">\n\t\t<div data-particle_enable=\"false\" data-particle-mobile-disabled=\"false\" class=\"elementor-element elementor-element-a5ed365 e-con-full e-flex e-con e-child\" data-id=\"a5ed365\" data-element_type=\"container\">\n\t\t\t\t<div class=\"elementor-element elementor-element-574bc61 elementor-widget elementor-widget-heading\" data-id=\"574bc61\" data-element_type=\"widget\" data-widget_type=\"heading.default\">\n\t\t\t\t<div class=\"elementor-widget-container\">\n\t\t\t\t\t<h2 class=\"elementor-heading-title elementor-size-default\">Traducci\u00f3n jurada de o hacia el espa\u00f1ol\n<\/h2>\t\t\t\t<\/div>\n\t\t\t\t<\/div>\n\t\t\t\t<div class=\"elementor-element elementor-element-a463468 elementor-widget elementor-widget-heading\" data-id=\"a463468\" data-element_type=\"widget\" data-widget_type=\"heading.default\">\n\t\t\t\t<div class=\"elementor-widget-container\">\n\t\t\t\t\t<h2 class=\"elementor-heading-title elementor-size-default\">\u00bfQu\u00e9 es una traducci\u00f3n jurada?\n<\/h2>\t\t\t\t<\/div>\n\t\t\t\t<\/div>\n\t\t\t\t<div class=\"elementor-element elementor-element-d1d0184 elementor-widget elementor-widget-text-editor\" data-id=\"d1d0184\" data-element_type=\"widget\" data-widget_type=\"text-editor.default\">\n\t\t\t\t<div class=\"elementor-widget-container\">\n\t\t\t\t\t\t\t\t\t<p>Es una traducci\u00f3n firmada por un Traductor P\u00fablico Jurado, nombrado e inscrito en la Junta Comercial de su estado. La Traducci\u00f3n Jurada tiene fe p\u00fablica y es reconocida legalmente ante organismos e instituciones p\u00fablicas, as\u00ed como en notar\u00edas y consulados, tanto en Brasil como en el extranjero<\/p>\t\t\t\t\t\t\t\t<\/div>\n\t\t\t\t<\/div>\n\t\t\t\t<div class=\"elementor-element elementor-element-e52ea94 elementor-widget elementor-widget-heading\" data-id=\"e52ea94\" data-element_type=\"widget\" data-widget_type=\"heading.default\">\n\t\t\t\t<div class=\"elementor-widget-container\">\n\t\t\t\t\t<h2 class=\"elementor-heading-title elementor-size-default\">\u00bfCu\u00e1l es su costo?\n<\/h2>\t\t\t\t<\/div>\n\t\t\t\t<\/div>\n\t\t\t\t<div class=\"elementor-element elementor-element-de47583 elementor-widget elementor-widget-text-editor\" data-id=\"de47583\" data-element_type=\"widget\" data-widget_type=\"text-editor.default\">\n\t\t\t\t<div class=\"elementor-widget-container\">\n\t\t\t\t\t\t\t\t\t<p>En Brasil, el valor de la traducci\u00f3n jurada no se calcula por p\u00e1gina o por tipo de documento, sino por el volumen del texto traducido, estimado en caracteres. El plazo de entrega se basa en 2.000 caracteres por d\u00eda h\u00e1bil. En caso de urgencia, se cobra una tarifa adicional, que var\u00eda seg\u00fan el grado de urgencia de la traducci\u00f3n.<\/p>\t\t\t\t\t\t\t\t<\/div>\n\t\t\t\t<\/div>\n\t\t\t\t<div class=\"elementor-element elementor-element-b75f458 elementor-widget elementor-widget-button\" data-id=\"b75f458\" data-element_type=\"widget\" data-widget_type=\"button.default\">\n\t\t\t\t<div class=\"elementor-widget-container\">\n\t\t\t\t\t\t\t\t\t<div class=\"elementor-button-wrapper\">\n\t\t\t\t\t<a class=\"elementor-button elementor-button-link elementor-size-sm\" href=\"https:\/\/rositaueno.com\/es\/contacto\/\">\n\t\t\t\t\t\t<span class=\"elementor-button-content-wrapper\">\n\t\t\t\t\t\t<span class=\"elementor-button-icon\">\n\t\t\t\t<svg xmlns=\"http:\/\/www.w3.org\/2000\/svg\" xmlns:xlink=\"http:\/\/www.w3.org\/1999\/xlink\" id=\"Layer_1\" x=\"0px\" y=\"0px\" viewBox=\"0 0 512 512\" style=\"enable-background:new 0 0 512 512;\" xml:space=\"preserve\"><g>\t<g>\t\t<g>\t\t\t<path d=\"M256,0C114.618,0,0,114.618,0,256s114.618,256,256,256s256-114.618,256-256S397.382,0,256,0z M256,469.333    c-117.818,0-213.333-95.515-213.333-213.333S138.182,42.667,256,42.667S469.333,138.182,469.333,256S373.818,469.333,256,469.333    z\"><\/path>\t\t\t<path d=\"M228.418,134.248c-8.331-8.331-21.839-8.331-30.17,0c-8.331,8.331-8.331,21.839,0,30.17L289.83,256l-91.582,91.582    c-8.331,8.331-8.331,21.839,0,30.17c8.331,8.331,21.839,8.331,30.17,0l106.667-106.667c8.331-8.331,8.331-21.839,0-30.17    L228.418,134.248z\"><\/path>\t\t<\/g>\t<\/g><\/g><g><\/g><g><\/g><g><\/g><g><\/g><g><\/g><g><\/g><g><\/g><g><\/g><g><\/g><g><\/g><g><\/g><g><\/g><g><\/g><g><\/g><g><\/g><\/svg>\t\t\t<\/span>\n\t\t\t\t\t\t\t\t\t<span class=\"elementor-button-text\">solicitar presupuesto<\/span>\n\t\t\t\t\t<\/span>\n\t\t\t\t\t<\/a>\n\t\t\t\t<\/div>\n\t\t\t\t\t\t\t\t<\/div>\n\t\t\t\t<\/div>\n\t\t\t\t<div class=\"elementor-element elementor-element-06b0cd5 elementor-widget elementor-widget-heading\" data-id=\"06b0cd5\" data-element_type=\"widget\" data-widget_type=\"heading.default\">\n\t\t\t\t<div class=\"elementor-widget-container\">\n\t\t\t\t\t<h2 class=\"elementor-heading-title elementor-size-default\">Tr\u00e1mites\n<\/h2>\t\t\t\t<\/div>\n\t\t\t\t<\/div>\n\t\t\t\t<div class=\"elementor-element elementor-element-231304e elementor-widget elementor-widget-heading\" data-id=\"231304e\" data-element_type=\"widget\" data-widget_type=\"heading.default\">\n\t\t\t\t<div class=\"elementor-widget-container\">\n\t\t\t\t\t<h2 class=\"elementor-heading-title elementor-size-default\">1 - Documentos expedidos en brasil<\/h2>\t\t\t\t<\/div>\n\t\t\t\t<\/div>\n\t\t\t\t<div class=\"elementor-element elementor-element-c7f3d57 elementor-widget elementor-widget-text-editor\" data-id=\"c7f3d57\" data-element_type=\"widget\" data-widget_type=\"text-editor.default\">\n\t\t\t\t<div class=\"elementor-widget-container\">\n\t\t\t\t\t\t\t\t\t<p>Las traducciones juradas, al igual que los dem\u00e1s documentos p\u00fablicos expedidos en Brasil, deben ser legalizadas antes de ser presentadas en otros pa\u00edses. Se recomienda que el interesado apostille los documentos originales (en una notar\u00eda brasile\u00f1a) antes de solicitar la traducci\u00f3n. Esta recomendaci\u00f3n se realiza porque algunos pa\u00edses exigen que el contenido de la Apostilla tambi\u00e9n est\u00e9 traducido, aunque sea de manera resumida.<\/p><p><strong>Existen dos formas de legalizar los documentos brasile\u00f1os y sus traducciones:\u00a0<\/strong><\/p><p><strong>a)<\/strong>\u00a0<strong>Apostilla de La Haya<\/strong> \u2013 para los casos en los que el documento est\u00e9 destinado a pa\u00edses signatarios del Convenio de La Haya. <br \/>\u00a0Para m\u00e1s informaci\u00f3n sobre el Convenio de la Apostilla y los pa\u00edses signatarios, acceda al Portal del CNJ:<br \/><a href=\"https:\/\/www.cnj.jus.br\/poder-judiciario\/relacoes-internacionais\/apostila-da-haia\/\" target=\"_blank\" rel=\"noopener\"><u><span style=\"color: #3eb0a4;\">https:\/\/www.cnj.jus.br\/poder-judiciario\/relacoes-internacionais\/apostila-da-haia\/<\/span><\/u><\/a><\/p><p><strong>Consulte la lista de notar\u00edas autorizadas para realizar la apostilla: <\/strong><a href=\"https:\/\/www.cnj.jus.br\/poder-judiciario\/relacoes-internacionais\/apostila-da-haia\/\" target=\"_blank\" rel=\"noopener\"><u><span style=\"color: #3eb0a4;\">https:\/\/www.cnj.jus.br\/poder-judiciario\/relacoes-internacionais\/apostila-da-haia\/<\/span><\/u><\/a><\/p><p>b) En los casos en que el documento est\u00e9 destinado a un pa\u00eds <strong>no signatario<\/strong> del Convenio de La Haya (ex.: Cuba), la legalizaci\u00f3n se realiza a trav\u00e9s del MRE (de Brasil) y los Consulados.\u00a0<\/p><p>Para conocer los procedimientos y los documentos necesarios para la legalizaci\u00f3n de documentos, acceda al Portal Consular del Ministerio de Relaciones Exteriores:\u00a0<\/p><p><a href=\"https:\/\/www.gov.br\/mre\/pt-br\/assuntos\/portal-consular\/legalizacao-de-documentos\/legalizacao-de-documentos\/legalizar-documentos-emitidos-no-brasil-para-validade-em-paises-que-nao-sao-parte-da-convencao-da-apostila-de-haia\" target=\"_blank\" rel=\"noopener\"><u><span style=\"color: #3eb0a4;\">https:\/\/www.gov.br\/mre\/pt-br\/assuntos\/portal-consular\/legalizacao-de-documentos\/legalizacao-de-documentos\/legalizar-documentos-emitidos-no-brasil-para-validade-em-paises-que-nao-sao-parte-da-convencao-da-apostila-de-haia<\/span><\/u><\/a><\/p>\t\t\t\t\t\t\t\t<\/div>\n\t\t\t\t<\/div>\n\t\t\t\t<div class=\"elementor-element elementor-element-f9f3325 elementor-widget elementor-widget-heading\" data-id=\"f9f3325\" data-element_type=\"widget\" data-widget_type=\"heading.default\">\n\t\t\t\t<div class=\"elementor-widget-container\">\n\t\t\t\t\t<h2 class=\"elementor-heading-title elementor-size-default\">2 - Documentos expedidos en el extranjero<\/h2>\t\t\t\t<\/div>\n\t\t\t\t<\/div>\n\t\t\t\t<div class=\"elementor-element elementor-element-a644277 elementor-widget elementor-widget-text-editor\" data-id=\"a644277\" data-element_type=\"widget\" data-widget_type=\"text-editor.default\">\n\t\t\t\t<div class=\"elementor-widget-container\">\n\t\t\t\t\t\t\t\t\t<p>Para que surtan efecto legal en Brasil, los documentos originados en el extranjero deben ser apostillados o legalizados en el pa\u00eds de origen.<\/p>\t\t\t\t\t\t\t\t<\/div>\n\t\t\t\t<\/div>\n\t\t\t\t<\/div>\n\t\t<div data-particle_enable=\"false\" data-particle-mobile-disabled=\"false\" class=\"elementor-element elementor-element-e407609 e-con-full e-flex e-con e-child\" data-id=\"e407609\" data-element_type=\"container\">\n\t\t\t\t<div class=\"elementor-element elementor-element-3687fb5 elementor-widget elementor-widget-heading\" data-id=\"3687fb5\" data-element_type=\"widget\" data-widget_type=\"heading.default\">\n\t\t\t\t<div class=\"elementor-widget-container\">\n\t\t\t\t\t<h2 class=\"elementor-heading-title elementor-size-default\">Servicios\n\n<\/h2>\t\t\t\t<\/div>\n\t\t\t\t<\/div>\n\t\t\t\t<div class=\"elementor-element elementor-element-5756102 elementor-widget-mobile_extra__width-initial elementor--h-position-center elementor--v-position-middle elementor-pagination-position-inside elementor-widget elementor-widget-slides\" data-id=\"5756102\" data-element_type=\"widget\" data-settings=\"{&quot;navigation&quot;:&quot;dots&quot;,&quot;autoplay&quot;:&quot;yes&quot;,&quot;pause_on_hover&quot;:&quot;yes&quot;,&quot;pause_on_interaction&quot;:&quot;yes&quot;,&quot;autoplay_speed&quot;:5000,&quot;infinite&quot;:&quot;yes&quot;,&quot;transition&quot;:&quot;slide&quot;,&quot;transition_speed&quot;:500}\" data-widget_type=\"slides.default\">\n\t\t\t\t<div class=\"elementor-widget-container\">\n\t\t\t\t\t\t\t\t\t<div class=\"elementor-swiper\">\n\t\t\t\t\t<div class=\"elementor-slides-wrapper elementor-main-swiper swiper\" role=\"region\" aria-roledescription=\"carousel\" aria-label=\"Slides\" dir=\"ltr\" data-animation=\"fadeInUp\">\n\t\t\t\t<div class=\"swiper-wrapper elementor-slides\">\n\t\t\t\t\t\t\t\t\t\t<div class=\"elementor-repeater-item-289b925 swiper-slide\" role=\"group\" aria-roledescription=\"slide\"><div class=\"swiper-slide-bg\" role=\"img\"><\/div><div class=\"swiper-slide-inner\" ><div class=\"swiper-slide-contents\"><div  class=\"elementor-button elementor-slide-button elementor-size-md\">Traducci\u00f3n jurada (espa\u00f1ol\/portugu\u00e9s - portugu\u00e9s\/espa\u00f1ol)<\/div><\/div><\/div><\/div><div class=\"elementor-repeater-item-42a976f swiper-slide\" role=\"group\" aria-roledescription=\"slide\"><div class=\"swiper-slide-bg\" role=\"img\"><\/div><div class=\"swiper-slide-inner\" ><div class=\"swiper-slide-contents\"><div  class=\"elementor-button elementor-slide-button elementor-size-md\">Interpretaci\u00f3n simult\u00e1nea, consecutiva o de acompa\u00f1amiento<\/div><\/div><\/div><\/div>\t\t\t\t<\/div>\n\t\t\t\t\t\t\t\t\t\t\t\t\t\t\t\t\t\t\t\t<div class=\"swiper-pagination\"><\/div>\n\t\t\t\t\t\t\t\t\t\t\t\t<\/div>\n\t\t\t\t<\/div>\n\t\t\t\t\t\t\t\t<\/div>\n\t\t\t\t<\/div>\n\t\t\t\t<\/div>\n\t\t\t\t\t<\/div>\n\t\t\t\t<\/div>\n\t\t\t\t<\/div>\n\t\t","protected":false},"excerpt":{"rendered":"<p>Traducci\u00f3n jurada de o hacia el espa\u00f1ol \u00bfQu\u00e9 es una traducci\u00f3n jurada? Es una traducci\u00f3n firmada por un Traductor P\u00fablico Jurado, nombrado e inscrito en la Junta Comercial de su estado. La Traducci\u00f3n Jurada tiene fe p\u00fablica y es reconocida legalmente ante organismos e instituciones p\u00fablicas, as\u00ed como en notar\u00edas y consulados, tanto en Brasil [&hellip;]<\/p>\n","protected":false},"author":1,"featured_media":0,"parent":0,"menu_order":0,"comment_status":"closed","ping_status":"closed","template":"elementor_header_footer","meta":{"footnotes":""},"class_list":["post-25","page","type-page","status-publish","hentry"],"_links":{"self":[{"href":"https:\/\/rositaueno.com\/es\/wp-json\/wp\/v2\/pages\/25","targetHints":{"allow":["GET"]}}],"collection":[{"href":"https:\/\/rositaueno.com\/es\/wp-json\/wp\/v2\/pages"}],"about":[{"href":"https:\/\/rositaueno.com\/es\/wp-json\/wp\/v2\/types\/page"}],"author":[{"embeddable":true,"href":"https:\/\/rositaueno.com\/es\/wp-json\/wp\/v2\/users\/1"}],"replies":[{"embeddable":true,"href":"https:\/\/rositaueno.com\/es\/wp-json\/wp\/v2\/comments?post=25"}],"version-history":[{"count":0,"href":"https:\/\/rositaueno.com\/es\/wp-json\/wp\/v2\/pages\/25\/revisions"}],"wp:attachment":[{"href":"https:\/\/rositaueno.com\/es\/wp-json\/wp\/v2\/media?parent=25"}],"curies":[{"name":"wp","href":"https:\/\/api.w.org\/{rel}","templated":true}]}}